{"id":45,"date":"2024-05-15T23:49:12","date_gmt":"2024-05-15T23:49:12","guid":{"rendered":"https:\/\/nefservis.com\/?page_id=45"},"modified":"2024-05-16T00:02:46","modified_gmt":"2024-05-16T00:02:46","slug":"teklif-bilgi-formu","status":"publish","type":"page","link":"https:\/\/nefservis.com\/?page_id=45","title":{"rendered":"Teklif\/Bilgi Formu"},"content":{"rendered":"\n<p><\/p>\n\n\n<style id=\"wpforms-css-vars-root\">\n\t\t\t\t:root {\n\t\t\t\t\t--wpforms-field-border-radius: 3px;\n--wpforms-field-border-style: solid;\n--wpforms-field-border-size: 1px;\n--wpforms-field-background-color: #ffffff;\n--wpforms-field-border-color: rgba( 0, 0, 0, 0.25 );\n--wpforms-field-border-color-spare: rgba( 0, 0, 0, 0.25 );\n--wpforms-field-text-color: rgba( 0, 0, 0, 0.7 );\n--wpforms-field-menu-color: #ffffff;\n--wpforms-label-color: rgba( 0, 0, 0, 0.85 );\n--wpforms-label-sublabel-color: rgba( 0, 0, 0, 0.55 );\n--wpforms-label-error-color: #d63637;\n--wpforms-button-border-radius: 3px;\n--wpforms-button-border-style: none;\n--wpforms-button-border-size: 1px;\n--wpforms-button-background-color: #066aab;\n--wpforms-button-border-color: #066aab;\n--wpforms-button-text-color: #ffffff;\n--wpforms-page-break-color: #066aab;\n--wpforms-background-image: none;\n--wpforms-background-position: center center;\n--wpforms-background-repeat: no-repeat;\n--wpforms-background-size: cover;\n--wpforms-background-width: 100px;\n--wpforms-background-height: 100px;\n--wpforms-background-color: rgba( 0, 0, 0, 0 );\n--wpforms-background-url: none;\n--wpforms-container-padding: 0px;\n--wpforms-container-border-style: none;\n--wpforms-container-border-width: 1px;\n--wpforms-container-border-color: #000000;\n--wpforms-container-border-radius: 3px;\n--wpforms-field-size-input-height: 43px;\n--wpforms-field-size-input-spacing: 15px;\n--wpforms-field-size-font-size: 16px;\n--wpforms-field-size-line-height: 19px;\n--wpforms-field-size-padding-h: 14px;\n--wpforms-field-size-checkbox-size: 16px;\n--wpforms-field-size-sublabel-spacing: 5px;\n--wpforms-field-size-icon-size: 1;\n--wpforms-label-size-font-size: 16px;\n--wpforms-label-size-line-height: 19px;\n--wpforms-label-size-sublabel-font-size: 14px;\n--wpforms-label-size-sublabel-line-height: 17px;\n--wpforms-button-size-font-size: 17px;\n--wpforms-button-size-height: 41px;\n--wpforms-button-size-padding-h: 15px;\n--wpforms-button-size-margin-top: 10px;\n--wpforms-container-shadow-size-box-shadow: none;\n\n\t\t\t\t}\n\t\t\t<\/style><div class=\"wpforms-container wpforms-container-full wpforms-block wpforms-block-86d8a115-6123-49bf-8b8e-c85f268d0bd0 wpforms-render-modern\" id=\"wpforms-51\"><form id=\"wpforms-form-51\" class=\"wpforms-validate wpforms-form wpforms-ajax-form\" data-formid=\"51\" method=\"post\" enctype=\"multipart\/form-data\" action=\"\/index.php?rest_route=%2Fwp%2Fv2%2Fpages%2F45\" data-token=\"9c5dd0fbb53d882344069583dc1230c7\" data-token-time=\"1776516164\"><noscript class=\"wpforms-error-noscript\">Bu formu bitirebilmek i\u00e7in taray\u0131c\u0131n\u0131zda JavaScript&#039;i etkinle\u015ftirin.<\/noscript><div class=\"wpforms-hidden\" id=\"wpforms-error-noscript\">Bu formu bitirebilmek i\u00e7in taray\u0131c\u0131n\u0131zda JavaScript&#039;i etkinle\u015ftirin.<\/div><div class=\"wpforms-field-container\"><div id=\"wpforms-51-field_0-container\" class=\"wpforms-field wpforms-field-name\" data-field-id=\"0\"><fieldset><legend class=\"wpforms-field-label\">Ad\u0131 Soyad\u0131 <span class=\"wpforms-required-label\" aria-hidden=\"true\">*<\/span><\/legend><div class=\"wpforms-field-row wpforms-field-medium\"><div class=\"wpforms-field-row-block wpforms-first wpforms-one-half\"><input type=\"text\" id=\"wpforms-51-field_0\" class=\"wpforms-field-name-first wpforms-field-required\" name=\"wpforms[fields][0][first]\" aria-errormessage=\"wpforms-51-field_0-error\" required><label for=\"wpforms-51-field_0\" class=\"wpforms-field-sublabel after \">Ad<\/label><\/div><div class=\"wpforms-field-row-block wpforms-one-half\"><input type=\"text\" id=\"wpforms-51-field_0-last\" class=\"wpforms-field-name-last wpforms-field-required\" name=\"wpforms[fields][0][last]\" aria-errormessage=\"wpforms-51-field_0-last-error\" required><label for=\"wpforms-51-field_0-last\" class=\"wpforms-field-sublabel after \">Soyad<\/label><\/div><\/div><\/fieldset><\/div><div id=\"wpforms-51-field_1-container\" class=\"wpforms-field wpforms-field-email\" data-field-id=\"1\"><label class=\"wpforms-field-label\" for=\"wpforms-51-field_1\">E-posta <span class=\"wpforms-required-label\" aria-hidden=\"true\">*<\/span><\/label><input type=\"email\" id=\"wpforms-51-field_1\" class=\"wpforms-field-medium wpforms-field-required\" name=\"wpforms[fields][1]\" spellcheck=\"false\" aria-errormessage=\"wpforms-51-field_1-error\" required><\/div><div id=\"wpforms-51-field_2-container\" class=\"wpforms-field wpforms-field-textarea\" data-field-id=\"2\"><label class=\"wpforms-field-label\" for=\"wpforms-51-field_2\">Konu\/Talep? <\/label><textarea id=\"wpforms-51-field_2\" class=\"wpforms-field-medium\" name=\"wpforms[fields][2]\" aria-errormessage=\"wpforms-51-field_2-error\" ><\/textarea><\/div><\/div><!-- .wpforms-field-container --><div class=\"wpforms-submit-container\" ><input type=\"hidden\" name=\"wpforms[id]\" value=\"51\"><input type=\"hidden\" name=\"page_title\" value=\"\"><input type=\"hidden\" name=\"page_url\" value=\"https:\/\/nefservis.com\/index.php?rest_route=%2Fwp%2Fv2%2Fpages%2F45\"><button type=\"submit\" name=\"wpforms[submit]\" id=\"wpforms-submit-51\" class=\"wpforms-submit\" data-alt-text=\"G\u00f6nderiliyor...\" data-submit-text=\"G\u00f6nder\" aria-live=\"assertive\" value=\"wpforms-submit\">G\u00f6nder<\/button><img loading=\"lazy\" decoding=\"async\" src=\"https:\/\/nefservis.com\/wp-content\/plugins\/wpforms-lite\/assets\/images\/submit-spin.svg\" class=\"wpforms-submit-spinner\" style=\"display: none;\" width=\"26\" height=\"26\" alt=\"Y\u00fckleniyor\"><\/div><\/form><\/div>  <!-- .wpforms-container -->","protected":false},"excerpt":{"rendered":"","protected":false},"author":1,"featured_media":0,"parent":0,"menu_order":0,"comment_status":"closed","ping_status":"closed","template":"","meta":{"footnotes":""},"yoast_head":"<!-- This site is optimized with the Yoast SEO plugin v22.8 - https:\/\/yoast.com\/wordpress\/plugins\/seo\/ -->\n<title>Teklif\/Bilgi Formu - NEF SERV\u0130S<\/title>\n<meta name=\"robots\" content=\"index, follow, max-snippet:-1, max-image-preview:large, max-video-preview:-1\" \/>\n<link rel=\"canonical\" href=\"https:\/\/nefservis.com\/?page_id=45\" \/>\n<meta property=\"og:locale\" content=\"tr_TR\" \/>\n<meta property=\"og:type\" content=\"article\" \/>\n<meta property=\"og:title\" content=\"Teklif\/Bilgi Formu - NEF SERV\u0130S\" \/>\n<meta property=\"og:url\" content=\"https:\/\/nefservis.com\/?page_id=45\" \/>\n<meta property=\"og:site_name\" content=\"NEF SERV\u0130S\" \/>\n<meta property=\"article:modified_time\" content=\"2024-05-16T00:02:46+00:00\" \/>\n<meta name=\"twitter:card\" content=\"summary_large_image\" \/>\n<script type=\"application\/ld+json\" class=\"yoast-schema-graph\">{\"@context\":\"https:\/\/schema.org\",\"@graph\":[{\"@type\":\"WebPage\",\"@id\":\"https:\/\/nefservis.com\/?page_id=45\",\"url\":\"https:\/\/nefservis.com\/?page_id=45\",\"name\":\"Teklif\/Bilgi Formu - NEF SERV\u0130S\",\"isPartOf\":{\"@id\":\"https:\/\/nefservis.com\/#website\"},\"datePublished\":\"2024-05-15T23:49:12+00:00\",\"dateModified\":\"2024-05-16T00:02:46+00:00\",\"breadcrumb\":{\"@id\":\"https:\/\/nefservis.com\/?page_id=45#breadcrumb\"},\"inLanguage\":\"tr\",\"potentialAction\":[{\"@type\":\"ReadAction\",\"target\":[\"https:\/\/nefservis.com\/?page_id=45\"]}]},{\"@type\":\"BreadcrumbList\",\"@id\":\"https:\/\/nefservis.com\/?page_id=45#breadcrumb\",\"itemListElement\":[{\"@type\":\"ListItem\",\"position\":1,\"name\":\"Anasayfa\",\"item\":\"https:\/\/nefservis.com\/\"},{\"@type\":\"ListItem\",\"position\":2,\"name\":\"Teklif\/Bilgi Formu\"}]},{\"@type\":\"WebSite\",\"@id\":\"https:\/\/nefservis.com\/#website\",\"url\":\"https:\/\/nefservis.com\/\",\"name\":\"NEF SERV\u0130S\",\"description\":\"m\u00fc\u015fteri memnuniyeti\",\"publisher\":{\"@id\":\"https:\/\/nefservis.com\/#organization\"},\"alternateName\":\"nef sistem\",\"potentialAction\":[{\"@type\":\"SearchAction\",\"target\":{\"@type\":\"EntryPoint\",\"urlTemplate\":\"https:\/\/nefservis.com\/?s={search_term_string}\"},\"query-input\":\"required name=search_term_string\"}],\"inLanguage\":\"tr\"},{\"@type\":\"Organization\",\"@id\":\"https:\/\/nefservis.com\/#organization\",\"name\":\"NEF SERV\u0130S\",\"url\":\"https:\/\/nefservis.com\/\",\"logo\":{\"@type\":\"ImageObject\",\"inLanguage\":\"tr\",\"@id\":\"https:\/\/nefservis.com\/#\/schema\/logo\/image\/\",\"url\":\"https:\/\/nefservis.com\/wp-content\/uploads\/2024\/05\/smsungcrstal.avif\",\"contentUrl\":\"https:\/\/nefservis.com\/wp-content\/uploads\/2024\/05\/smsungcrstal.avif\",\"width\":720,\"height\":540,\"caption\":\"NEF SERV\u0130S\"},\"image\":{\"@id\":\"https:\/\/nefservis.com\/#\/schema\/logo\/image\/\"},\"sameAs\":[\"https:\/\/www.nefservis.com\/\"]}]}<\/script>\n<!-- \/ Yoast SEO plugin. -->","yoast_head_json":{"title":"Teklif\/Bilgi Formu - NEF SERV\u0130S","robots":{"index":"index","follow":"follow","max-snippet":"max-snippet:-1","max-image-preview":"max-image-preview:large","max-video-preview":"max-video-preview:-1"},"canonical":"https:\/\/nefservis.com\/?page_id=45","og_locale":"tr_TR","og_type":"article","og_title":"Teklif\/Bilgi Formu - NEF SERV\u0130S","og_url":"https:\/\/nefservis.com\/?page_id=45","og_site_name":"NEF SERV\u0130S","article_modified_time":"2024-05-16T00:02:46+00:00","twitter_card":"summary_large_image","schema":{"@context":"https:\/\/schema.org","@graph":[{"@type":"WebPage","@id":"https:\/\/nefservis.com\/?page_id=45","url":"https:\/\/nefservis.com\/?page_id=45","name":"Teklif\/Bilgi Formu - NEF SERV\u0130S","isPartOf":{"@id":"https:\/\/nefservis.com\/#website"},"datePublished":"2024-05-15T23:49:12+00:00","dateModified":"2024-05-16T00:02:46+00:00","breadcrumb":{"@id":"https:\/\/nefservis.com\/?page_id=45#breadcrumb"},"inLanguage":"tr","potentialAction":[{"@type":"ReadAction","target":["https:\/\/nefservis.com\/?page_id=45"]}]},{"@type":"BreadcrumbList","@id":"https:\/\/nefservis.com\/?page_id=45#breadcrumb","itemListElement":[{"@type":"ListItem","position":1,"name":"Anasayfa","item":"https:\/\/nefservis.com\/"},{"@type":"ListItem","position":2,"name":"Teklif\/Bilgi Formu"}]},{"@type":"WebSite","@id":"https:\/\/nefservis.com\/#website","url":"https:\/\/nefservis.com\/","name":"NEF SERV\u0130S","description":"m\u00fc\u015fteri memnuniyeti","publisher":{"@id":"https:\/\/nefservis.com\/#organization"},"alternateName":"nef sistem","potentialAction":[{"@type":"SearchAction","target":{"@type":"EntryPoint","urlTemplate":"https:\/\/nefservis.com\/?s={search_term_string}"},"query-input":"required name=search_term_string"}],"inLanguage":"tr"},{"@type":"Organization","@id":"https:\/\/nefservis.com\/#organization","name":"NEF SERV\u0130S","url":"https:\/\/nefservis.com\/","logo":{"@type":"ImageObject","inLanguage":"tr","@id":"https:\/\/nefservis.com\/#\/schema\/logo\/image\/","url":"https:\/\/nefservis.com\/wp-content\/uploads\/2024\/05\/smsungcrstal.avif","contentUrl":"https:\/\/nefservis.com\/wp-content\/uploads\/2024\/05\/smsungcrstal.avif","width":720,"height":540,"caption":"NEF SERV\u0130S"},"image":{"@id":"https:\/\/nefservis.com\/#\/schema\/logo\/image\/"},"sameAs":["https:\/\/www.nefservis.com\/"]}]}},"_links":{"self":[{"href":"https:\/\/nefservis.com\/index.php?rest_route=\/wp\/v2\/pages\/45"}],"collection":[{"href":"https:\/\/nefservis.com\/index.php?rest_route=\/wp\/v2\/pages"}],"about":[{"href":"https:\/\/nefservis.com\/index.php?rest_route=\/wp\/v2\/types\/page"}],"author":[{"embeddable":true,"href":"https:\/\/nefservis.com\/index.php?rest_route=\/wp\/v2\/users\/1"}],"replies":[{"embeddable":true,"href":"https:\/\/nefservis.com\/index.php?rest_route=%2Fwp%2Fv2%2Fcomments&post=45"}],"version-history":[{"count":4,"href":"https:\/\/nefservis.com\/index.php?rest_route=\/wp\/v2\/pages\/45\/revisions"}],"predecessor-version":[{"id":56,"href":"https:\/\/nefservis.com\/index.php?rest_route=\/wp\/v2\/pages\/45\/revisions\/56"}],"wp:attachment":[{"href":"https:\/\/nefservis.com\/index.php?rest_route=%2Fwp%2Fv2%2Fmedia&parent=45"}],"curies":[{"name":"wp","href":"https:\/\/api.w.org\/{rel}","templated":true}]}}