{"id":37,"date":"2024-05-15T23:42:04","date_gmt":"2024-05-15T23:42:04","guid":{"rendered":"https:\/\/nefservis.com\/?page_id=37"},"modified":"2024-05-16T16:52:03","modified_gmt":"2024-05-16T16:52:03","slug":"bize-ulasin","status":"publish","type":"page","link":"https:\/\/nefservis.com\/?page_id=37","title":{"rendered":"Bize Ula\u015f\u0131n"},"content":{"rendered":"\n<p><\/p>\n\n\n\n<p>Adres: <strong>Sancak Mah. Kahire Cad. 507.Sk. No:10\/c \u00c7ankaya Ankara<\/strong><\/p>\n\n\n\n<p><strong>\u0130leti\u015fim<\/strong>:<\/p>\n\n\n\n<h2 class=\"wp-block-heading\"><a href=\"tel:(510) 456-7890\">0532 647 03 64<\/a><\/h2>\n\n\n\n<h2 class=\"wp-block-heading\"><a href=\"tel:(510) 456-7890\">0312 4408787<\/a><\/h2>\n\n\n\n<p><\/p>\n\n\n\n<iframe src=\"https:\/\/www.google.com\/maps\/embed?pb=!1m18!1m12!1m3!1d3061.9707897923795!2d32.865956!3d39.874892200000005!2m3!1f0!2f0!3f0!3m2!1i1024!2i768!4f13.1!3m3!1m2!1s0x14d34564bf3897a1%3A0x283723fffec2a07f!2sSancak%2C%20Kahire%20Cd.%20No%3A10%20D%3Ac%2C%2006550%20%C3%87ankaya%2FAnkara!5e0!3m2!1str!2str!4v1715826600118!5m2!1str!2str\" width=\"600\" height=\"300\" style=\"border:0;\" allowfullscreen=\"\" loading=\"lazy\" referrerpolicy=\"no-referrer-when-downgrade\"><\/iframe>\n","protected":false},"excerpt":{"rendered":"<p>Adres: Sancak Mah. Kahire Cad. 507.Sk. No:10\/c \u00c7ankaya Ankara \u0130leti\u015fim: 0532 647 03 64 0312 4408787<\/p>\n","protected":false},"author":1,"featured_media":17,"parent":2,"menu_order":0,"comment_status":"closed","ping_status":"closed","template":"","meta":{"footnotes":""},"yoast_head":"<!-- This site is optimized with the Yoast SEO plugin v22.8 - https:\/\/yoast.com\/wordpress\/plugins\/seo\/ -->\n<title>Bize Ula\u015f\u0131n - NEF SERV\u0130S<\/title>\n<meta name=\"robots\" content=\"index, follow, max-snippet:-1, max-image-preview:large, max-video-preview:-1\" \/>\n<link rel=\"canonical\" href=\"https:\/\/nefservis.com\/?page_id=37\" \/>\n<meta property=\"og:locale\" content=\"tr_TR\" \/>\n<meta property=\"og:type\" content=\"article\" \/>\n<meta property=\"og:title\" content=\"Bize Ula\u015f\u0131n - NEF SERV\u0130S\" \/>\n<meta property=\"og:description\" content=\"Adres: Sancak Mah. Kahire Cad. 507.Sk. No:10\/c \u00c7ankaya Ankara \u0130leti\u015fim: 0532 647 03 64 0312 4408787\" \/>\n<meta property=\"og:url\" content=\"https:\/\/nefservis.com\/?page_id=37\" \/>\n<meta property=\"og:site_name\" content=\"NEF SERV\u0130S\" \/>\n<meta property=\"article:modified_time\" content=\"2024-05-16T16:52:03+00:00\" \/>\n<meta property=\"og:image\" content=\"https:\/\/nefservis.com\/wp-content\/uploads\/2024\/05\/806b4b0de5f8a0be5db99fd877871adc-1.jpg\" \/>\n\t<meta property=\"og:image:width\" content=\"735\" \/>\n\t<meta property=\"og:image:height\" content=\"490\" \/>\n\t<meta property=\"og:image:type\" content=\"image\/jpeg\" \/>\n<meta name=\"twitter:card\" content=\"summary_large_image\" \/>\n<script type=\"application\/ld+json\" class=\"yoast-schema-graph\">{\"@context\":\"https:\/\/schema.org\",\"@graph\":[{\"@type\":\"WebPage\",\"@id\":\"https:\/\/nefservis.com\/?page_id=37\",\"url\":\"https:\/\/nefservis.com\/?page_id=37\",\"name\":\"Bize Ula\u015f\u0131n - NEF SERV\u0130S\",\"isPartOf\":{\"@id\":\"https:\/\/nefservis.com\/#website\"},\"primaryImageOfPage\":{\"@id\":\"https:\/\/nefservis.com\/?page_id=37#primaryimage\"},\"image\":{\"@id\":\"https:\/\/nefservis.com\/?page_id=37#primaryimage\"},\"thumbnailUrl\":\"https:\/\/nefservis.com\/wp-content\/uploads\/2024\/05\/806b4b0de5f8a0be5db99fd877871adc-1.jpg\",\"datePublished\":\"2024-05-15T23:42:04+00:00\",\"dateModified\":\"2024-05-16T16:52:03+00:00\",\"breadcrumb\":{\"@id\":\"https:\/\/nefservis.com\/?page_id=37#breadcrumb\"},\"inLanguage\":\"tr\",\"potentialAction\":[{\"@type\":\"ReadAction\",\"target\":[\"https:\/\/nefservis.com\/?page_id=37\"]}]},{\"@type\":\"ImageObject\",\"inLanguage\":\"tr\",\"@id\":\"https:\/\/nefservis.com\/?page_id=37#primaryimage\",\"url\":\"https:\/\/nefservis.com\/wp-content\/uploads\/2024\/05\/806b4b0de5f8a0be5db99fd877871adc-1.jpg\",\"contentUrl\":\"https:\/\/nefservis.com\/wp-content\/uploads\/2024\/05\/806b4b0de5f8a0be5db99fd877871adc-1.jpg\",\"width\":735,\"height\":490},{\"@type\":\"BreadcrumbList\",\"@id\":\"https:\/\/nefservis.com\/?page_id=37#breadcrumb\",\"itemListElement\":[{\"@type\":\"ListItem\",\"position\":1,\"name\":\"Anasayfa\",\"item\":\"https:\/\/nefservis.com\/\"},{\"@type\":\"ListItem\",\"position\":2,\"name\":\"Sample Page\",\"item\":\"https:\/\/nefservis.com\/?page_id=2\"},{\"@type\":\"ListItem\",\"position\":3,\"name\":\"Bize Ula\u015f\u0131n\"}]},{\"@type\":\"WebSite\",\"@id\":\"https:\/\/nefservis.com\/#website\",\"url\":\"https:\/\/nefservis.com\/\",\"name\":\"NEF SERV\u0130S\",\"description\":\"m\u00fc\u015fteri memnuniyeti\",\"publisher\":{\"@id\":\"https:\/\/nefservis.com\/#organization\"},\"alternateName\":\"nef sistem\",\"potentialAction\":[{\"@type\":\"SearchAction\",\"target\":{\"@type\":\"EntryPoint\",\"urlTemplate\":\"https:\/\/nefservis.com\/?s={search_term_string}\"},\"query-input\":\"required name=search_term_string\"}],\"inLanguage\":\"tr\"},{\"@type\":\"Organization\",\"@id\":\"https:\/\/nefservis.com\/#organization\",\"name\":\"NEF SERV\u0130S\",\"url\":\"https:\/\/nefservis.com\/\",\"logo\":{\"@type\":\"ImageObject\",\"inLanguage\":\"tr\",\"@id\":\"https:\/\/nefservis.com\/#\/schema\/logo\/image\/\",\"url\":\"https:\/\/nefservis.com\/wp-content\/uploads\/2024\/05\/smsungcrstal.avif\",\"contentUrl\":\"https:\/\/nefservis.com\/wp-content\/uploads\/2024\/05\/smsungcrstal.avif\",\"width\":720,\"height\":540,\"caption\":\"NEF SERV\u0130S\"},\"image\":{\"@id\":\"https:\/\/nefservis.com\/#\/schema\/logo\/image\/\"},\"sameAs\":[\"https:\/\/www.nefservis.com\/\"]}]}<\/script>\n<!-- \/ Yoast SEO plugin. -->","yoast_head_json":{"title":"Bize Ula\u015f\u0131n - NEF SERV\u0130S","robots":{"index":"index","follow":"follow","max-snippet":"max-snippet:-1","max-image-preview":"max-image-preview:large","max-video-preview":"max-video-preview:-1"},"canonical":"https:\/\/nefservis.com\/?page_id=37","og_locale":"tr_TR","og_type":"article","og_title":"Bize Ula\u015f\u0131n - NEF SERV\u0130S","og_description":"Adres: Sancak Mah. Kahire Cad. 507.Sk. No:10\/c \u00c7ankaya Ankara \u0130leti\u015fim: 0532 647 03 64 0312 4408787","og_url":"https:\/\/nefservis.com\/?page_id=37","og_site_name":"NEF SERV\u0130S","article_modified_time":"2024-05-16T16:52:03+00:00","og_image":[{"width":735,"height":490,"url":"https:\/\/nefservis.com\/wp-content\/uploads\/2024\/05\/806b4b0de5f8a0be5db99fd877871adc-1.jpg","type":"image\/jpeg"}],"twitter_card":"summary_large_image","schema":{"@context":"https:\/\/schema.org","@graph":[{"@type":"WebPage","@id":"https:\/\/nefservis.com\/?page_id=37","url":"https:\/\/nefservis.com\/?page_id=37","name":"Bize Ula\u015f\u0131n - NEF SERV\u0130S","isPartOf":{"@id":"https:\/\/nefservis.com\/#website"},"primaryImageOfPage":{"@id":"https:\/\/nefservis.com\/?page_id=37#primaryimage"},"image":{"@id":"https:\/\/nefservis.com\/?page_id=37#primaryimage"},"thumbnailUrl":"https:\/\/nefservis.com\/wp-content\/uploads\/2024\/05\/806b4b0de5f8a0be5db99fd877871adc-1.jpg","datePublished":"2024-05-15T23:42:04+00:00","dateModified":"2024-05-16T16:52:03+00:00","breadcrumb":{"@id":"https:\/\/nefservis.com\/?page_id=37#breadcrumb"},"inLanguage":"tr","potentialAction":[{"@type":"ReadAction","target":["https:\/\/nefservis.com\/?page_id=37"]}]},{"@type":"ImageObject","inLanguage":"tr","@id":"https:\/\/nefservis.com\/?page_id=37#primaryimage","url":"https:\/\/nefservis.com\/wp-content\/uploads\/2024\/05\/806b4b0de5f8a0be5db99fd877871adc-1.jpg","contentUrl":"https:\/\/nefservis.com\/wp-content\/uploads\/2024\/05\/806b4b0de5f8a0be5db99fd877871adc-1.jpg","width":735,"height":490},{"@type":"BreadcrumbList","@id":"https:\/\/nefservis.com\/?page_id=37#breadcrumb","itemListElement":[{"@type":"ListItem","position":1,"name":"Anasayfa","item":"https:\/\/nefservis.com\/"},{"@type":"ListItem","position":2,"name":"Sample Page","item":"https:\/\/nefservis.com\/?page_id=2"},{"@type":"ListItem","position":3,"name":"Bize Ula\u015f\u0131n"}]},{"@type":"WebSite","@id":"https:\/\/nefservis.com\/#website","url":"https:\/\/nefservis.com\/","name":"NEF SERV\u0130S","description":"m\u00fc\u015fteri memnuniyeti","publisher":{"@id":"https:\/\/nefservis.com\/#organization"},"alternateName":"nef sistem","potentialAction":[{"@type":"SearchAction","target":{"@type":"EntryPoint","urlTemplate":"https:\/\/nefservis.com\/?s={search_term_string}"},"query-input":"required name=search_term_string"}],"inLanguage":"tr"},{"@type":"Organization","@id":"https:\/\/nefservis.com\/#organization","name":"NEF SERV\u0130S","url":"https:\/\/nefservis.com\/","logo":{"@type":"ImageObject","inLanguage":"tr","@id":"https:\/\/nefservis.com\/#\/schema\/logo\/image\/","url":"https:\/\/nefservis.com\/wp-content\/uploads\/2024\/05\/smsungcrstal.avif","contentUrl":"https:\/\/nefservis.com\/wp-content\/uploads\/2024\/05\/smsungcrstal.avif","width":720,"height":540,"caption":"NEF SERV\u0130S"},"image":{"@id":"https:\/\/nefservis.com\/#\/schema\/logo\/image\/"},"sameAs":["https:\/\/www.nefservis.com\/"]}]}},"_links":{"self":[{"href":"https:\/\/nefservis.com\/index.php?rest_route=\/wp\/v2\/pages\/37"}],"collection":[{"href":"https:\/\/nefservis.com\/index.php?rest_route=\/wp\/v2\/pages"}],"about":[{"href":"https:\/\/nefservis.com\/index.php?rest_route=\/wp\/v2\/types\/page"}],"author":[{"embeddable":true,"href":"https:\/\/nefservis.com\/index.php?rest_route=\/wp\/v2\/users\/1"}],"replies":[{"embeddable":true,"href":"https:\/\/nefservis.com\/index.php?rest_route=%2Fwp%2Fv2%2Fcomments&post=37"}],"version-history":[{"count":13,"href":"https:\/\/nefservis.com\/index.php?rest_route=\/wp\/v2\/pages\/37\/revisions"}],"predecessor-version":[{"id":115,"href":"https:\/\/nefservis.com\/index.php?rest_route=\/wp\/v2\/pages\/37\/revisions\/115"}],"up":[{"embeddable":true,"href":"https:\/\/nefservis.com\/index.php?rest_route=\/wp\/v2\/pages\/2"}],"wp:featuredmedia":[{"embeddable":true,"href":"https:\/\/nefservis.com\/index.php?rest_route=\/wp\/v2\/media\/17"}],"wp:attachment":[{"href":"https:\/\/nefservis.com\/index.php?rest_route=%2Fwp%2Fv2%2Fmedia&parent=37"}],"curies":[{"name":"wp","href":"https:\/\/api.w.org\/{rel}","templated":true}]}}